{"id":27,"date":"2022-11-10T09:23:00","date_gmt":"2022-11-10T09:23:00","guid":{"rendered":"https:\/\/live.21lab.co\/itlab\/?page_id=27"},"modified":"2025-01-07T15:20:44","modified_gmt":"2025-01-07T15:20:44","slug":"contact-us","status":"publish","type":"page","link":"https:\/\/softcand.com\/tr\/contact-us\/","title":{"rendered":"\u0130leti\u015fim"},"content":{"rendered":"<div data-elementor-type=\"wp-page\" data-elementor-id=\"27\" class=\"elementor elementor-27\">\n\t\t\t\t\t\t\t\t\t<div class=\"elementor-section elementor-top-section elementor-element elementor-element-c1d7a5c shadow elementor-section-boxed elementor-section-height-default elementor-section-height-default\" data-id=\"c1d7a5c\" data-element_type=\"section\">\n\t\t\t\t\t\t<div class=\"elementor-container elementor-column-gap-custom\">\n\t\t\t\t\t<div class=\"elementor-column elementor-col-50 elementor-top-column elementor-element elementor-element-516d118\" data-id=\"516d118\" data-element_type=\"column\">\n\t\t\t<div class=\"elementor-widget-wrap elementor-element-populated\">\n\t\t\t\t\t\t\t\t<div class=\"elementor-element elementor-element-a9c5ab5 colorAccent elementor-icon-list--layout-traditional elementor-list-item-link-full_width elementor-widget elementor-widget-icon-list\" data-id=\"a9c5ab5\" data-element_type=\"widget\" data-widget_type=\"icon-list.default\">\n\t\t\t\t<div class=\"elementor-widget-container\">\n\t\t\t<link rel=\"stylesheet\" href=\"https:\/\/softcand.com\/wp-content\/plugins\/elementor\/assets\/css\/widget-icon-list.min.css\">\t\t<ul class=\"elementor-icon-list-items\">\n\t\t\t\t\t\t\t<li class=\"elementor-icon-list-item\">\n\t\t\t\t\t\t\t\t\t\t\t<span class=\"elementor-icon-list-icon\">\n\t\t\t\t\t\t\t<svg xmlns=\"http:\/\/www.w3.org\/2000\/svg\" height=\"32\" width=\"32\" viewbox=\"0 0 32 32\"><title>file edit<\/title><g stroke-linecap=\"round\" stroke-width=\"2\" fill=\"none\" stroke=\"#020626\" stroke-linejoin=\"round\" class=\"nc-icon-wrapper\"><polyline points=\"8 31 3 31 3 1 29 1 29 10\"><\/polyline><polygon points=\"19 28 13 30 15 24 26 13 30 17 19 28\" stroke=\"#00b956\"><\/polygon><\/g><\/svg>\t\t\t\t\t\t<\/span>\n\t\t\t\t\t\t\t\t\t\t<span class=\"elementor-icon-list-text\">Bize Ula\u015f\u0131n<\/span>\n\t\t\t\t\t\t\t\t\t<\/li>\n\t\t\t\t\t\t<\/ul>\n\t\t\t\t<\/div>\n\t\t\t\t<\/div>\n\t\t\t\t<div class=\"elementor-element elementor-element-95f049d elementor-widget elementor-widget-heading\" data-id=\"95f049d\" data-element_type=\"widget\" data-widget_type=\"heading.default\">\n\t\t\t\t<div class=\"elementor-widget-container\">\n\t\t\t<style>\/*! elementor - v3.17.0 - 01-11-2023 *\/\n.elementor-heading-title{padding:0;margin:0;line-height:1}.elementor-widget-heading .elementor-heading-title[class*=elementor-size-]>a{color:inherit;font-size:inherit;line-height:inherit}.elementor-widget-heading .elementor-heading-title.elementor-size-small{font-size:15px}.elementor-widget-heading .elementor-heading-title.elementor-size-medium{font-size:19px}.elementor-widget-heading .elementor-heading-title.elementor-size-large{font-size:29px}.elementor-widget-heading .elementor-heading-title.elementor-size-xl{font-size:39px}.elementor-widget-heading .elementor-heading-title.elementor-size-xxl{font-size:59px}<\/style><h2 class=\"elementor-heading-title elementor-size-default\">Siz hayal edin, biz hayata ge\u00e7irelim.<\/h2>\t\t<\/div>\n\t\t\t\t<\/div>\n\t\t\t\t<div class=\"elementor-element elementor-element-cb47361 elementor-widget elementor-widget-text-editor\" data-id=\"cb47361\" data-element_type=\"widget\" data-widget_type=\"text-editor.default\">\n\t\t\t\t<div class=\"elementor-widget-container\">\n\t\t\t<style>\/*! elementor - v3.17.0 - 01-11-2023 *\/\n.elementor-widget-text-editor.elementor-drop-cap-view-stacked .elementor-drop-cap{background-color:#69727d;color:#fff}.elementor-widget-text-editor.elementor-drop-cap-view-framed .elementor-drop-cap{color:#69727d;border:3px solid;background-color:transparent}.elementor-widget-text-editor:not(.elementor-drop-cap-view-default) .elementor-drop-cap{margin-top:8px}.elementor-widget-text-editor:not(.elementor-drop-cap-view-default) .elementor-drop-cap-letter{width:1em;height:1em}.elementor-widget-text-editor .elementor-drop-cap{float:left;text-align:center;line-height:1;font-size:50px}.elementor-widget-text-editor .elementor-drop-cap-letter{display:inline-block}<\/style>\t\t\t\t<p>Anlamak, planlamak, uygulamak. Bunlar bizim IT uzmanlar\u0131m\u0131z\u0131n en iyi yapt\u0131\u011f\u0131 \u015feylerdir ve \u00f6zelle\u015ftirilmi\u015f \u00e7\u00f6z\u00fcm\u00fcn\u00fcz\u00fc olu\u015fturmak i\u00e7in haz\u0131rd\u0131rlar.<\/p>\t\t\t\t\t\t<\/div>\n\t\t\t\t<\/div>\n\t\t\t\t<div class=\"elementor-element elementor-element-f7b1118 elementor-widget elementor-widget-image\" data-id=\"f7b1118\" data-element_type=\"widget\" data-widget_type=\"image.default\">\n\t\t\t\t<div class=\"elementor-widget-container\">\n\t\t\t<style>\/*! elementor - v3.17.0 - 01-11-2023 *\/\n.elementor-widget-image{text-align:center}.elementor-widget-image a{display:inline-block}.elementor-widget-image a img[src$=\".svg\"]{width:48px}.elementor-widget-image img{vertical-align:middle;display:inline-block}<\/style>\t\t\t\t\t\t\t\t\t\t\t\t<img loading=\"lazy\" decoding=\"async\" width=\"1080\" height=\"380\" src=\"https:\/\/softcand.com\/wp-content\/uploads\/2022\/11\/contact.jpg\" class=\"attachment-full size-full wp-image-369\" alt=\"\" srcset=\"https:\/\/softcand.com\/wp-content\/uploads\/2022\/11\/contact.jpg 1080w, https:\/\/softcand.com\/wp-content\/uploads\/2022\/11\/contact-300x106.jpg 300w, https:\/\/softcand.com\/wp-content\/uploads\/2022\/11\/contact-1024x360.jpg 1024w, https:\/\/softcand.com\/wp-content\/uploads\/2022\/11\/contact-768x270.jpg 768w\" sizes=\"auto, (max-width: 1080px) 100vw, 1080px\" \/>\t\t\t\t\t\t\t\t\t\t\t\t\t\t\t<\/div>\n\t\t\t\t<\/div>\n\t\t\t\t<div class=\"elementor-element elementor-element-ab5f52a elementor-widget elementor-widget-text-editor\" data-id=\"ab5f52a\" data-element_type=\"widget\" data-widget_type=\"text-editor.default\">\n\t\t\t\t<div class=\"elementor-widget-container\">\n\t\t\t\t\t\t\t<p>Dijital d\u00fcnyada pazarlama ve ileti\u015fim g\u00fcc\u00fcn\u00fcz\u00fc art\u0131rmak i\u00e7in sizi dinlemeye haz\u0131r\u0131z.<\/p><div id=\"tw-target-text-container\" class=\"tw-ta-container F0azHf tw-nfl\" tabindex=\"0\"><h1 id=\"tw-target-text\" class=\"tw-data-text tw-text-large tw-ta\" dir=\"ltr\" data-placeholder=\"\u00c7eviri\" data-ved=\"2ahUKEwillMXE8J2EAxVlSPEDHQTeDwYQ3ewLegQIBRAU\"><span class=\"Y2IQFc\" lang=\"en\">Softcand Software Services Company Information:<\/span><\/h1><p><strong>Commercial Title:\u00a0<\/strong>Softcand Yaz\u0131l\u0131m Hizmetleri Anonim \u015eirketi<\/p><p><strong>Our Founder:<\/strong> Enes Dur<\/p><p><strong>Tax Number: <\/strong>7721288081<\/p><p><strong>Center Office: <\/strong>Maslak Mah. AOS 55. SK. 42 Maslak A Blok No: 2 \u0130\u00e7 Kap\u0131\u00a0 No: 208 Sar\u0131yer\/ \u0130STANBUL<\/p><p><strong>Office 2: <\/strong>\u00c7\u0131nardere Mah. Akseki Sok.No:15\/1 Pendik\/\u0130stanbul<\/p><p>\u00a0<\/p><p><strong>Phone Number: <a title=\"Supsis Live Telefon Numaras\u0131\" href=\"tel:#\">0216 232 22 82<\/a><\/strong><\/p><p><strong>Company Phone<\/strong><\/p><p><strong>Number: <\/strong><a title=\"Supsis Live Telefon Numaras\u0131\" href=\"tel:#\">0850 259 2789<\/a><\/p><p><strong>E-Mail Adress:\u00a0<\/strong>info@supsis.com<\/p><\/div>\t\t\t\t\t\t<\/div>\n\t\t\t\t<\/div>\n\t\t\t\t\t<\/div>\n\t\t<\/div>\n\t\t\t\t<div class=\"elementor-column elementor-col-50 elementor-top-column elementor-element elementor-element-4589b92\" data-id=\"4589b92\" data-element_type=\"column\">\n\t\t\t<div class=\"elementor-widget-wrap elementor-element-populated\">\n\t\t\t\t\t\t\t\t<div class=\"elementor-element elementor-element-052b1a8 elementor-widget elementor-widget-html\" data-id=\"052b1a8\" data-element_type=\"widget\" data-widget_type=\"html.default\">\n\t\t\t\t<div class=\"elementor-widget-container\">\n\t\t\t<iframe loading=\"lazy\" src=\"https:\/\/form.supsis.ai\/form\/6731ea30447f990da84d6840\/5d14ee322d95ad001ebdf213?docSup=true\" width=\"600\" height=\"785\"><\/iframe>\t\t<\/div>\n\t\t\t\t<\/div>\n\t\t\t\t\t<\/div>\n\t\t<\/div>\n\t\t\t\t\t\t\t<\/div>\n\t\t<\/div>\n\t\t\t\t<div class=\"elementor-section elementor-top-section elementor-element elementor-element-8a999ec elementor-section-boxed elementor-section-height-default elementor-section-height-default\" data-id=\"8a999ec\" data-element_type=\"section\" data-settings=\"{&quot;background_background&quot;:&quot;classic&quot;}\">\n\t\t\t\t\t\t<div class=\"elementor-container elementor-column-gap-default\">\n\t\t\t\t\t<div class=\"elementor-column elementor-col-100 elementor-top-column elementor-element elementor-element-9c0f9c1\" data-id=\"9c0f9c1\" data-element_type=\"column\">\n\t\t\t<div class=\"elementor-widget-wrap elementor-element-populated\">\n\t\t\t\t\t\t\t\t<div class=\"elementor-element elementor-element-18a861e pp-hotspot-img-align-center elementor-widget elementor-widget-pp-image-hotspots\" data-id=\"18a861e\" data-element_type=\"widget\" data-widget_type=\"pp-image-hotspots.default\">\n\t\t\t\t<div class=\"elementor-widget-container\">\n\t\t\t\t\t<div class=\"pp-image-hotspots\" data-tooltip-options=\"{&quot;always_open&quot;:&quot;no&quot;,&quot;trigger&quot;:&quot;hover&quot;,&quot;size&quot;:&quot;default&quot;,&quot;distance&quot;:10,&quot;arrow&quot;:&quot;yes&quot;,&quot;animation&quot;:&quot;fade&quot;,&quot;zindex&quot;:99,&quot;width&quot;:250}\">\n\t\t\t<div class=\"pp-hot-spot-image\">\n\t\t\t\t<img loading=\"lazy\" decoding=\"async\" width=\"550\" height=\"550\" src=\"https:\/\/softcand.com\/wp-content\/uploads\/2022\/11\/transparent.png\" class=\"attachment-full size-full wp-image-356\" alt=\"\" srcset=\"https:\/\/softcand.com\/wp-content\/uploads\/2022\/11\/transparent.png 550w, https:\/\/softcand.com\/wp-content\/uploads\/2022\/11\/transparent-300x300.png 300w, https:\/\/softcand.com\/wp-content\/uploads\/2022\/11\/transparent-150x150.png 150w\" sizes=\"auto, (max-width: 550px) 100vw, 550px\" \/>\t\t\t\t\t<a class=\"pp-hot-spot-wrap elementor-repeater-item-b60615f pp-hot-spot-tooptip\" data-tooltip=\"yes\" data-tooltip-position=\"top\" data-tooltip-content=\"#pp-tooltip-content-18a861e-b60615f\" href=\"#\">\n\t\t\t\t\t\t<span class=\"pp-hot-spot-inner hotspot-animation\">\n\t\t\t\t\t\t\t<span class=\"pp-hotspot-icon-wrap\">\n\t\t\t\t\t\t\t\t\t\t\t\t\t\t\t\t<span class=\"pp-hotspot-icon pp-icon\">\n\t\t\t\t\t\t\t\t\t\t<svg xmlns=\"http:\/\/www.w3.org\/2000\/svg\" height=\"16\" width=\"16\" viewbox=\"0 0 16 16\"><title>pin 3<\/title><g fill=\"#ffffff\" class=\"nc-icon-wrapper\"><path fill=\"#ffffff\" d=\"M8,0C4.1,0,1,3.1,1,7c0,1.9,0.7,3.7,2.1,5c0.1,0.1,4.1,3.7,4.2,3.8c0.4,0.3,1,0.3,1.3,0 c0.1-0.1,4.2-3.7,4.2-3.8c1.4-1.3,2.1-3.1,2.1-5C15,3.1,11.9,0,8,0z M8,9C6.9,9,6,8.1,6,7s0.9-2,2-2c1.1,0,2,0.9,2,2S9.1,9,8,9z\"><\/path><\/g><\/svg>\t\t\t\t\t\t\t\t\t<\/span>\n\t\t\t\t\t\t\t\t\t\t\t\t\t\t\t\t<\/span>\n\t\t\t\t\t\t<\/span>\n\t\t\t\t\t<\/a>\n\t\t\t\t\t\t\t\t\t\t\t<div class=\"pp-tooltip-container\">\n\t\t\t\t\t\t\t<div class=\"pp-tooltip-content pp-tooltip-content-18a861e\" id=\"pp-tooltip-content-18a861e-b60615f\">\n\t\t\t\t\t\t\t\t1270 Beverley Rd Brooklyn, New York 11226 United States\t\t\t\t\t\t\t<\/div>\n\t\t\t\t\t\t<\/div>\n\t\t\t\t\t\t\t\t\t\t<a class=\"pp-hot-spot-wrap elementor-repeater-item-22769cf pp-hot-spot-tooptip\" data-tooltip=\"yes\" data-tooltip-position=\"top\" data-tooltip-content=\"#pp-tooltip-content-18a861e-22769cf\" href=\"#\">\n\t\t\t\t\t\t<span class=\"pp-hot-spot-inner hotspot-animation\">\n\t\t\t\t\t\t\t<span class=\"pp-hotspot-icon-wrap\">\n\t\t\t\t\t\t\t\t\t\t\t\t\t\t\t\t<span class=\"pp-hotspot-icon pp-icon\">\n\t\t\t\t\t\t\t\t\t\t<svg xmlns=\"http:\/\/www.w3.org\/2000\/svg\" height=\"16\" width=\"16\" viewbox=\"0 0 16 16\"><title>pin 3<\/title><g fill=\"#ffffff\" class=\"nc-icon-wrapper\"><path fill=\"#ffffff\" d=\"M8,0C4.1,0,1,3.1,1,7c0,1.9,0.7,3.7,2.1,5c0.1,0.1,4.1,3.7,4.2,3.8c0.4,0.3,1,0.3,1.3,0 c0.1-0.1,4.2-3.7,4.2-3.8c1.4-1.3,2.1-3.1,2.1-5C15,3.1,11.9,0,8,0z M8,9C6.9,9,6,8.1,6,7s0.9-2,2-2c1.1,0,2,0.9,2,2S9.1,9,8,9z\"><\/path><\/g><\/svg>\t\t\t\t\t\t\t\t\t<\/span>\n\t\t\t\t\t\t\t\t\t\t\t\t\t\t\t\t<\/span>\n\t\t\t\t\t\t<\/span>\n\t\t\t\t\t<\/a>\n\t\t\t\t\t\t\t\t\t\t\t<div class=\"pp-tooltip-container\">\n\t\t\t\t\t\t\t<div class=\"pp-tooltip-content pp-tooltip-content-18a861e\" id=\"pp-tooltip-content-18a861e-22769cf\">\n\t\t\t\t\t\t\t\t1270 Beverley Rd Brooklyn, New York 11226 United States\t\t\t\t\t\t\t<\/div>\n\t\t\t\t\t\t<\/div>\n\t\t\t\t\t\t\t\t<\/div>\n\t\t<\/div>\n\t\t\t\t<\/div>\n\t\t\t\t<\/div>\n\t\t\t\t\t<\/div>\n\t\t<\/div>\n\t\t\t\t\t\t\t<\/div>\n\t\t<\/div>\n\t\t\t\t\t\t\t<\/div>","protected":false},"excerpt":{"rendered":"<p>file edit Contact Us You dream it, let&#8217;s bring it to life. Understand, plan, execute. These are the things our IT experts do best, and they stand by to create your customized solution. We are ready to listen to you to increase your marketing and communication power in the digital world. Softcand Software Services Company [&hellip;]<\/p>","protected":false},"author":1,"featured_media":0,"parent":0,"menu_order":0,"comment_status":"closed","ping_status":"closed","template":"tmpl\/template-fullwidth.php","meta":{"inline_featured_image":false,"footnotes":""},"class_list":["post-27","page","type-page","status-publish","hentry"],"acf":[],"_links":{"self":[{"href":"https:\/\/softcand.com\/tr\/wp-json\/wp\/v2\/pages\/27","targetHints":{"allow":["GET"]}}],"collection":[{"href":"https:\/\/softcand.com\/tr\/wp-json\/wp\/v2\/pages"}],"about":[{"href":"https:\/\/softcand.com\/tr\/wp-json\/wp\/v2\/types\/page"}],"author":[{"embeddable":true,"href":"https:\/\/softcand.com\/tr\/wp-json\/wp\/v2\/users\/1"}],"replies":[{"embeddable":true,"href":"https:\/\/softcand.com\/tr\/wp-json\/wp\/v2\/comments?post=27"}],"version-history":[{"count":42,"href":"https:\/\/softcand.com\/tr\/wp-json\/wp\/v2\/pages\/27\/revisions"}],"predecessor-version":[{"id":7003,"href":"https:\/\/softcand.com\/tr\/wp-json\/wp\/v2\/pages\/27\/revisions\/7003"}],"wp:attachment":[{"href":"https:\/\/softcand.com\/tr\/wp-json\/wp\/v2\/media?parent=27"}],"curies":[{"name":"wp","href":"https:\/\/api.w.org\/{rel}","templated":true}]}}