{"id":241,"date":"2022-11-17T08:22:46","date_gmt":"2022-11-17T08:22:46","guid":{"rendered":"https:\/\/live.21lab.co\/itlab\/?page_id=241"},"modified":"2023-01-28T22:12:22","modified_gmt":"2023-01-28T22:12:22","slug":"blog-modern-style","status":"publish","type":"page","link":"https:\/\/softcand.com\/tr\/blog-modern-style\/","title":{"rendered":"Blog modern style"},"content":{"rendered":"<div data-elementor-type=\"wp-page\" data-elementor-id=\"241\" class=\"elementor elementor-241\">\n\t\t\t\t\t\t\t\t\t<div class=\"elementor-section elementor-top-section elementor-element elementor-element-72c8f00 elementor-section-height-min-height elementor-section-boxed elementor-section-height-default elementor-section-items-middle\" data-id=\"72c8f00\" data-element_type=\"section\" data-settings=\"{&quot;background_background&quot;:&quot;classic&quot;}\">\n\t\t\t\t\t\t<div class=\"elementor-container elementor-column-gap-default\">\n\t\t\t\t\t<div class=\"elementor-column elementor-col-100 elementor-top-column elementor-element elementor-element-372084a\" data-id=\"372084a\" data-element_type=\"column\">\n\t\t\t<div class=\"elementor-widget-wrap\">\n\t\t\t\t\t\t\t\t\t<\/div>\n\t\t<\/div>\n\t\t\t\t\t\t\t<\/div>\n\t\t<\/div>\n\t\t\t\t<div class=\"elementor-section elementor-top-section elementor-element elementor-element-b96bf18 elementor-section-boxed elementor-section-height-default elementor-section-height-default\" data-id=\"b96bf18\" data-element_type=\"section\" data-settings=\"{&quot;background_background&quot;:&quot;classic&quot;}\">\n\t\t\t\t\t\t\t<div class=\"elementor-background-overlay\"><\/div>\n\t\t\t\t\t\t\t<div class=\"elementor-container elementor-column-gap-custom\">\n\t\t\t\t\t<div class=\"elementor-column elementor-col-50 elementor-top-column elementor-element elementor-element-62cff00\" data-id=\"62cff00\" data-element_type=\"column\">\n\t\t\t<div class=\"elementor-widget-wrap elementor-element-populated\">\n\t\t\t\t\t\t\t\t<div class=\"elementor-element elementor-element-f8e1626 colorAccent elementor-icon-list--layout-traditional elementor-list-item-link-full_width elementor-widget elementor-widget-icon-list\" data-id=\"f8e1626\" data-element_type=\"widget\" data-widget_type=\"icon-list.default\">\n\t\t\t\t<div class=\"elementor-widget-container\">\n\t\t\t<link rel=\"stylesheet\" href=\"https:\/\/softcand.com\/wp-content\/plugins\/elementor\/assets\/css\/widget-icon-list.min.css\">\t\t<ul class=\"elementor-icon-list-items\">\n\t\t\t\t\t\t\t<li class=\"elementor-icon-list-item\">\n\t\t\t\t\t\t\t\t\t\t\t<span class=\"elementor-icon-list-icon\">\n\t\t\t\t\t\t\t<svg xmlns=\"http:\/\/www.w3.org\/2000\/svg\" height=\"32\" width=\"32\" viewbox=\"0 0 32 32\"><title>file text<\/title><g stroke-linecap=\"round\" stroke-width=\"2\" fill=\"none\" stroke=\"#020626\" stroke-linejoin=\"round\" class=\"nc-icon-wrapper\"><polyline data-cap=\"butt\" points=\"21,1 21,9 29,9 \"><\/polyline><polygon points=\"21,1 3,1 3,31 29,31 29,9 \"><\/polygon><line x1=\"9\" y1=\"22\" x2=\"23\" y2=\"22\" stroke=\"#00b956\"><\/line><line x1=\"9\" y1=\"16\" x2=\"23\" y2=\"16\" stroke=\"#00b956\"><\/line><line x1=\"9\" y1=\"10\" x2=\"15\" y2=\"10\" stroke=\"#00b956\"><\/line><\/g><\/svg>\t\t\t\t\t\t<\/span>\n\t\t\t\t\t\t\t\t\t\t<span class=\"elementor-icon-list-text\">Resources<\/span>\n\t\t\t\t\t\t\t\t\t<\/li>\n\t\t\t\t\t\t<\/ul>\n\t\t\t\t<\/div>\n\t\t\t\t<\/div>\n\t\t\t\t<div class=\"elementor-element elementor-element-c2435fa elementor-widget elementor-widget-heading\" data-id=\"c2435fa\" data-element_type=\"widget\" data-widget_type=\"heading.default\">\n\t\t\t\t<div class=\"elementor-widget-container\">\n\t\t\t<style>\/*! elementor - v3.17.0 - 01-11-2023 *\/\n.elementor-heading-title{padding:0;margin:0;line-height:1}.elementor-widget-heading .elementor-heading-title[class*=elementor-size-]>a{color:inherit;font-size:inherit;line-height:inherit}.elementor-widget-heading .elementor-heading-title.elementor-size-small{font-size:15px}.elementor-widget-heading .elementor-heading-title.elementor-size-medium{font-size:19px}.elementor-widget-heading .elementor-heading-title.elementor-size-large{font-size:29px}.elementor-widget-heading .elementor-heading-title.elementor-size-xl{font-size:39px}.elementor-widget-heading .elementor-heading-title.elementor-size-xxl{font-size:59px}<\/style><h2 class=\"elementor-heading-title elementor-size-default\">Company news and industry insights.<\/h2>\t\t<\/div>\n\t\t\t\t<\/div>\n\t\t\t\t<div class=\"elementor-element elementor-element-c52cfe9 elementor-widget elementor-widget-text-editor\" data-id=\"c52cfe9\" data-element_type=\"widget\" data-widget_type=\"text-editor.default\">\n\t\t\t\t<div class=\"elementor-widget-container\">\n\t\t\t<style>\/*! elementor - v3.17.0 - 01-11-2023 *\/\n.elementor-widget-text-editor.elementor-drop-cap-view-stacked .elementor-drop-cap{background-color:#69727d;color:#fff}.elementor-widget-text-editor.elementor-drop-cap-view-framed .elementor-drop-cap{color:#69727d;border:3px solid;background-color:transparent}.elementor-widget-text-editor:not(.elementor-drop-cap-view-default) .elementor-drop-cap{margin-top:8px}.elementor-widget-text-editor:not(.elementor-drop-cap-view-default) .elementor-drop-cap-letter{width:1em;height:1em}.elementor-widget-text-editor .elementor-drop-cap{float:left;text-align:center;line-height:1;font-size:50px}.elementor-widget-text-editor .elementor-drop-cap-letter{display:inline-block}<\/style>\t\t\t\t<p>Read our latest company news and industry insights to stay one step ahead with your day to day use of technology.<\/p>\t\t\t\t\t\t<\/div>\n\t\t\t\t<\/div>\n\t\t\t\t\t<\/div>\n\t\t<\/div>\n\t\t\t\t<div class=\"elementor-column elementor-col-50 elementor-top-column elementor-element elementor-element-ef59c7e\" data-id=\"ef59c7e\" data-element_type=\"column\">\n\t\t\t<div class=\"elementor-widget-wrap elementor-element-populated\">\n\t\t\t\t\t\t\t\t<div class=\"elementor-element elementor-element-c1a2420 elementor-widget elementor-widget-shortcode\" data-id=\"c1a2420\" data-element_type=\"widget\" data-widget_type=\"shortcode.default\">\n\t\t\t\t<div class=\"elementor-widget-container\">\n\t\t\t\t\t<div class=\"elementor-shortcode\">[mc4wp_form id=\"57\"]<\/div>\n\t\t\t\t<\/div>\n\t\t\t\t<\/div>\n\t\t\t\t\t<\/div>\n\t\t<\/div>\n\t\t\t\t\t\t\t<\/div>\n\t\t<\/div>\n\t\t\t\t<div class=\"elementor-section elementor-top-section elementor-element elementor-element-17882c4 elementor-section-boxed elementor-section-height-default elementor-section-height-default\" data-id=\"17882c4\" data-element_type=\"section\">\n\t\t\t\t\t\t<div class=\"elementor-container elementor-column-gap-default\">\n\t\t\t\t\t<div class=\"elementor-column elementor-col-100 elementor-top-column elementor-element elementor-element-462a5e7\" data-id=\"462a5e7\" data-element_type=\"column\">\n\t\t\t<div class=\"elementor-widget-wrap elementor-element-populated\">\n\t\t\t\t\t\t\t\t<div class=\"elementor-element elementor-element-8828910 elementor-grid-1 pp-posts-thumbnail-ratio elementor-grid-tablet-1 style2 elementor-grid-mobile-1 elementor-widget elementor-widget-pp-posts\" data-id=\"8828910\" data-element_type=\"widget\" data-settings=\"{&quot;classic_columns&quot;:&quot;1&quot;,&quot;classic_columns_tablet&quot;:&quot;1&quot;,&quot;classic_columns_mobile&quot;:&quot;1&quot;}\" data-widget_type=\"pp-posts.classic\">\n\t\t\t\t<div class=\"elementor-widget-container\">\n\t\t\t\t\t<div class=\"pp-posts-container\">\n\t\t\t\n\t\t\t\t\t\t\t\t\t\t\n\t\t\t<div class=\"pp-posts pp-posts-skin-classic pp-elementor-grid pp-posts-grid\" data-query-type=\"custom\" data-layout=\"grid\" data-page=\"241\" data-skin=\"classic\">\n\t\t\t\t\t\t\t\t\t\t\t<div class=\"pp-post-wrap pp-grid-item-wrap post-85 post type-post status-publish format-standard has-post-thumbnail hentry category-big-data category-security tag-cybersecurity tag-data\">\n\t\t\t\t\t\t<div class=\"pp-post pp-grid-item\">\n\t\t\t\t\t\t<div class=\"pp-post-thumbnail\">\n\t\t\t<div class=\"pp-post-thumbnail-wrap\">\n\t\t\t\t<a href=\"https:\/\/softcand.com\/tr\/six-ways-to-improve-data-lake-security\/\"><img loading=\"lazy\" decoding=\"async\" width=\"740\" height=\"380\" src=\"https:\/\/softcand.com\/wp-content\/uploads\/2022\/11\/b5.jpg\" class=\"attachment-large size-large wp-image-86\" alt=\"\" srcset=\"https:\/\/softcand.com\/wp-content\/uploads\/2022\/11\/b5.jpg 740w, https:\/\/softcand.com\/wp-content\/uploads\/2022\/11\/b5-300x154.jpg 300w\" sizes=\"auto, (max-width: 740px) 100vw, 740px\" \/><\/a>\t\t\t<\/div>\n\t\t<\/div>\n\t\t\n\t\t\t\t\n\t\t\t\t<div class=\"pp-post-content-wrap\">\n\t\t\t\t\t<div class=\"pp-post-content\">\n\t\t\t\t\t\t\t\t\t\t<div class=\"pp-post-terms-wrap\">\n\t\t\t<span class=\"pp-post-terms\">\n\t\t\t\t<span class=\"pp-post-term\"><a href=\"https:\/\/softcand.com\/tr\/category\/big-data\/\">B\u00fcy\u00fck Veri<\/a><\/span>\t\t\t<\/span>\n\t\t<\/div>\n\t\t\t\t\t\t\t\t\t\t<h2 class=\"pp-post-title\">\n\t\t\t\t<a href=\"https:\/\/softcand.com\/tr\/six-ways-to-improve-data-lake-security\/\">Veri g\u00f6l\u00fc g\u00fcvenli\u011fini iyile\u015ftirmenin alt\u0131 yolu<\/a>\t\t\t<\/h2>\n\t\t\t\t\t\t\t<div class=\"pp-post-excerpt\">\n\t\t\t<p>Data lakes, such as\u00a0Oracle Big Data Service, represent an efficient and secure way to store all of your incoming data. &#8230;<\/p>\n\t\t<\/div>\n\t\t\t\t\t\t\t\t\t\t<div class=\"pp-post-meta\">\n\t\t\t\t\t\t\t\t<span class=\"pp-post-author\">\n\t\t\t\t\t\t\t<span class=\"pp-meta-prefix\">\n\t\t\t\tPosted by\t\t\t\t<\/span>\n\t\t\t\t\t\t\t<span class=\"pp-meta-text\">\n\t\t\t\t<a href=\"https:\/\/softcand.com\/tr\/author\/admin\/\" title=\"admin taraf\u0131ndan yaz\u0131lan yaz\u0131lar\" rel=\"author\">Y\u00f6netici<\/a>\t\t\t<\/span>\n\t\t<\/span>\n\t\t<span class=\"pp-meta-separator\"><\/span>\n\t\t\t\t\t\t\t\t<span class=\"pp-post-date\">\n\t\t\t\t\t\t<span class=\"pp-meta-text\">\n\t\t\t\t11\/11\/2022\t\t\t<\/span>\n\t\t<\/span>\n\t\t<span class=\"pp-meta-separator\"><\/span>\n\t\t\t\t\t\t\t<\/div>\n\t\t\t\t\t\t\t\t<\/div>\n\t\t\t\t\t\t\t\t\t<\/div>\n\n\t\t\t\t\t\t\t<\/div>\n\t\t\t\t\t<\/div>\n\t\t\t\t\t\t\t\t\t<\/div>\n\t\t\t\n\t\t\t\n\t\t\t\n\t\t\t\n\t\t\t\t\t\t\t\t\t\t\t\t<\/div>\n\n\t\t\n\t\t\t\t<\/div>\n\t\t\t\t<\/div>\n\t\t\t\t\t<\/div>\n\t\t<\/div>\n\t\t\t\t\t\t\t<\/div>\n\t\t<\/div>\n\t\t\t\t<div class=\"elementor-section elementor-top-section elementor-element elementor-element-bebbada elementor-section-boxed elementor-section-height-default elementor-section-height-default\" data-id=\"bebbada\" data-element_type=\"section\">\n\t\t\t\t\t\t<div class=\"elementor-container elementor-column-gap-default\">\n\t\t\t\t\t<div class=\"elementor-column elementor-col-100 elementor-top-column elementor-element elementor-element-5d3d012\" data-id=\"5d3d012\" data-element_type=\"column\">\n\t\t\t<div class=\"elementor-widget-wrap elementor-element-populated\">\n\t\t\t\t\t\t\t\t<div class=\"elementor-element elementor-element-2c631ed elementor-widget elementor-widget-wp-widget-categories\" data-id=\"2c631ed\" data-element_type=\"widget\" data-widget_type=\"wp-widget-categories.default\">\n\t\t\t\t<div class=\"elementor-widget-container\">\n\t\t\t<h5>Click menu to choose categories<\/h5>\n\t\t\t<ul>\n\t\t\t\t\t<li class=\"cat-item cat-item-2\"><a href=\"https:\/\/softcand.com\/tr\/category\/big-data\/\">B\u00fcy\u00fck Veri<\/a>\n<\/li>\n\t<li class=\"cat-item cat-item-58\"><a href=\"https:\/\/softcand.com\/tr\/category\/genel\/\">Genel<\/a>\n<\/li>\n\t<li class=\"cat-item cat-item-3\"><a href=\"https:\/\/softcand.com\/tr\/category\/security\/\">G\u00dcVENL\u0130K<\/a>\n<\/li>\n\t<li class=\"cat-item cat-item-4\"><a href=\"https:\/\/softcand.com\/tr\/category\/system-admin\/\">S\u0130STEM Y\u00c7NET\u0130C\u0130S\u0130<\/a>\n<\/li>\n\t<li class=\"cat-item cat-item-5\"><a href=\"https:\/\/softcand.com\/tr\/category\/technology\/\">TEKNOLOJ\u0130<\/a>\n<\/li>\n\t<li class=\"cat-item cat-item-6\"><a href=\"https:\/\/softcand.com\/tr\/category\/tips-trick\/\">\u0130P U\u00c7LARI ve P\u00dcF NOKTALARI<\/a>\n<\/li>\n\t<li class=\"cat-item cat-item-1\"><a href=\"https:\/\/softcand.com\/tr\/category\/uncategorized\/\">Uncategorized<\/a>\n<\/li>\n\t\t\t<\/ul>\n\n\t\t\t\t\t<\/div>\n\t\t\t\t<\/div>\n\t\t\t\t<div class=\"elementor-element elementor-element-841207c elementor-grid-mobile-2 elementor-grid-3 elementor-grid-tablet-2 elementor-widget elementor-widget-pp-posts\" data-id=\"841207c\" data-element_type=\"widget\" data-settings=\"{&quot;classic_columns_mobile&quot;:&quot;2&quot;,&quot;classic_columns&quot;:&quot;3&quot;,&quot;classic_columns_tablet&quot;:&quot;2&quot;}\" data-widget_type=\"pp-posts.classic\">\n\t\t\t\t<div class=\"elementor-widget-container\">\n\t\t\t\t\t<div class=\"pp-posts-container\">\n\t\t\t\n\t\t\t\t\t\t\t\t\t\t\n\t\t\t<div class=\"pp-posts pp-posts-skin-classic pp-elementor-grid pp-posts-grid\" data-query-type=\"custom\" data-layout=\"grid\" data-page=\"241\" data-skin=\"classic\">\n\t\t\t\t\t\t\t\t\t\t\t<div class=\"pp-post-wrap pp-grid-item-wrap post-6993 post type-post status-publish format-standard has-post-thumbnail hentry category-technology\">\n\t\t\t\t\t\t<div class=\"pp-post pp-grid-item\">\n\t\t\t\t\t\t<div class=\"pp-post-thumbnail\">\n\t\t\t<div class=\"pp-post-thumbnail-wrap\">\n\t\t\t\t<a href=\"https:\/\/softcand.com\/tr\/yapay-zekanin-sesi-ile-musterilerinizi-karsilayin\/\"><img loading=\"lazy\" decoding=\"async\" width=\"900\" height=\"506\" src=\"https:\/\/softcand.com\/wp-content\/uploads\/2024\/10\/yapay-zeka-ile-musteri-davranis-analizi-1024x576.webp\" class=\"attachment-large size-large wp-image-6995\" alt=\"\" srcset=\"https:\/\/softcand.com\/wp-content\/uploads\/2024\/10\/yapay-zeka-ile-musteri-davranis-analizi-1024x576.webp 1024w, https:\/\/softcand.com\/wp-content\/uploads\/2024\/10\/yapay-zeka-ile-musteri-davranis-analizi-300x169.webp 300w, https:\/\/softcand.com\/wp-content\/uploads\/2024\/10\/yapay-zeka-ile-musteri-davranis-analizi-768x432.webp 768w, https:\/\/softcand.com\/wp-content\/uploads\/2024\/10\/yapay-zeka-ile-musteri-davranis-analizi-18x10.webp 18w, https:\/\/softcand.com\/wp-content\/uploads\/2024\/10\/yapay-zeka-ile-musteri-davranis-analizi.webp 1280w\" sizes=\"auto, (max-width: 900px) 100vw, 900px\" \/><\/a>\t\t\t<\/div>\n\t\t<\/div>\n\t\t\n\t\t\t\t\n\t\t\t\t<div class=\"pp-post-content-wrap\">\n\t\t\t\t\t<div class=\"pp-post-content\">\n\t\t\t\t\t\t\t\t\t\t<div class=\"pp-post-terms-wrap\">\n\t\t\t<span class=\"pp-post-terms\">\n\t\t\t\t<span class=\"pp-post-term\"><a href=\"https:\/\/softcand.com\/tr\/category\/technology\/\">TEKNOLOJ\u0130<\/a><\/span>\t\t\t<\/span>\n\t\t<\/div>\n\t\t\t\t\t\t\t\t\t\t<h2 class=\"pp-post-title\">\n\t\t\t\t<a href=\"https:\/\/softcand.com\/tr\/yapay-zekanin-sesi-ile-musterilerinizi-karsilayin\/\">Yapay Zekan\u0131n Sesi ile M\u00fc\u015fterilerinizi Kar\u015f\u0131lay\u0131n!<\/a>\t\t\t<\/h2>\n\t\t\t\t\t\t\t\t<\/div>\n\t\t\t\t\t\t\t\t\t<\/div>\n\n\t\t\t\t\t\t\t<\/div>\n\t\t\t\t\t<\/div>\n\t\t\t\t<div class=\"pp-post-wrap pp-grid-item-wrap post-6908 post type-post status-publish format-standard has-post-thumbnail hentry category-uncategorized\">\n\t\t\t\t\t\t<div class=\"pp-post pp-grid-item\">\n\t\t\t\t\t\t<div class=\"pp-post-thumbnail\">\n\t\t\t<div class=\"pp-post-thumbnail-wrap\">\n\t\t\t\t<a href=\"https:\/\/softcand.com\/tr\/kod-yazmadan-yazilimci-olma-dijital-dunyada-var-olmak-icin-5-yol\/\"><img loading=\"lazy\" decoding=\"async\" width=\"900\" height=\"506\" src=\"https:\/\/softcand.com\/wp-content\/uploads\/2023\/11\/no-code-nedir-1-1024x576-1.webp\" class=\"attachment-large size-large wp-image-6910\" alt=\"no-code-nedir\" srcset=\"https:\/\/softcand.com\/wp-content\/uploads\/2023\/11\/no-code-nedir-1-1024x576-1.webp 1024w, https:\/\/softcand.com\/wp-content\/uploads\/2023\/11\/no-code-nedir-1-1024x576-1-300x169.webp 300w, https:\/\/softcand.com\/wp-content\/uploads\/2023\/11\/no-code-nedir-1-1024x576-1-768x432.webp 768w, https:\/\/softcand.com\/wp-content\/uploads\/2023\/11\/no-code-nedir-1-1024x576-1-18x10.webp 18w\" sizes=\"auto, (max-width: 900px) 100vw, 900px\" \/><\/a>\t\t\t<\/div>\n\t\t<\/div>\n\t\t\n\t\t\t\t\n\t\t\t\t<div class=\"pp-post-content-wrap\">\n\t\t\t\t\t<div class=\"pp-post-content\">\n\t\t\t\t\t\t\t\t\t\t<div class=\"pp-post-terms-wrap\">\n\t\t\t<span class=\"pp-post-terms\">\n\t\t\t\t<span class=\"pp-post-term\"><a href=\"https:\/\/softcand.com\/tr\/category\/uncategorized\/\">Uncategorized<\/a><\/span>\t\t\t<\/span>\n\t\t<\/div>\n\t\t\t\t\t\t\t\t\t\t<h2 class=\"pp-post-title\">\n\t\t\t\t<a href=\"https:\/\/softcand.com\/tr\/kod-yazmadan-yazilimci-olma-dijital-dunyada-var-olmak-icin-5-yol\/\">Kod Yazmadan Yaz\u0131l\u0131mc\u0131 Olma: Dijital D\u00fcnyada Var Olmak \u0130\u00e7in 5 Yol<\/a>\t\t\t<\/h2>\n\t\t\t\t\t\t\t\t<\/div>\n\t\t\t\t\t\t\t\t\t<\/div>\n\n\t\t\t\t\t\t\t<\/div>\n\t\t\t\t\t<\/div>\n\t\t\t\t<div class=\"pp-post-wrap pp-grid-item-wrap post-6896 post type-post status-publish format-standard has-post-thumbnail hentry category-technology\">\n\t\t\t\t\t\t<div class=\"pp-post pp-grid-item\">\n\t\t\t\t\t\t<div class=\"pp-post-thumbnail\">\n\t\t\t<div class=\"pp-post-thumbnail-wrap\">\n\t\t\t\t<a href=\"https:\/\/softcand.com\/tr\/mobile-app-development-android-or-ios\/\"><img loading=\"lazy\" decoding=\"async\" width=\"900\" height=\"720\" src=\"https:\/\/softcand.com\/wp-content\/uploads\/2023\/10\/202010302221341239_Mobil-Uygulama-Gelistirme-1024x819.jpg\" class=\"attachment-large size-large wp-image-6900\" alt=\"Uygulama-Gelis\u0327tirme\" srcset=\"https:\/\/softcand.com\/wp-content\/uploads\/2023\/10\/202010302221341239_Mobil-Uygulama-Gelistirme-1024x819.jpg 1024w, https:\/\/softcand.com\/wp-content\/uploads\/2023\/10\/202010302221341239_Mobil-Uygulama-Gelistirme-300x240.jpg 300w, https:\/\/softcand.com\/wp-content\/uploads\/2023\/10\/202010302221341239_Mobil-Uygulama-Gelistirme-768x614.jpg 768w, https:\/\/softcand.com\/wp-content\/uploads\/2023\/10\/202010302221341239_Mobil-Uygulama-Gelistirme-1536x1229.jpg 1536w, https:\/\/softcand.com\/wp-content\/uploads\/2023\/10\/202010302221341239_Mobil-Uygulama-Gelistirme-15x12.jpg 15w, https:\/\/softcand.com\/wp-content\/uploads\/2023\/10\/202010302221341239_Mobil-Uygulama-Gelistirme.jpg 1541w\" sizes=\"auto, (max-width: 900px) 100vw, 900px\" \/><\/a>\t\t\t<\/div>\n\t\t<\/div>\n\t\t\n\t\t\t\t\n\t\t\t\t<div class=\"pp-post-content-wrap\">\n\t\t\t\t\t<div class=\"pp-post-content\">\n\t\t\t\t\t\t\t\t\t\t<div class=\"pp-post-terms-wrap\">\n\t\t\t<span class=\"pp-post-terms\">\n\t\t\t\t<span class=\"pp-post-term\"><a href=\"https:\/\/softcand.com\/tr\/category\/technology\/\">TEKNOLOJ\u0130<\/a><\/span>\t\t\t<\/span>\n\t\t<\/div>\n\t\t\t\t\t\t\t\t\t\t<h2 class=\"pp-post-title\">\n\t\t\t\t<a href=\"https:\/\/softcand.com\/tr\/mobile-app-development-android-or-ios\/\">Mobil Uygulama Geli\u015ftirme: Android mi iOS mu?<\/a>\t\t\t<\/h2>\n\t\t\t\t\t\t\t\t<\/div>\n\t\t\t\t\t\t\t\t\t<\/div>\n\n\t\t\t\t\t\t\t<\/div>\n\t\t\t\t\t<\/div>\n\t\t\t\t<div class=\"pp-post-wrap pp-grid-item-wrap post-123 post type-post status-publish format-standard has-post-thumbnail hentry category-security tag-chrome tag-hacker tag-tips\">\n\t\t\t\t\t\t<div class=\"pp-post pp-grid-item\">\n\t\t\t\t\t\t<div class=\"pp-post-thumbnail\">\n\t\t\t<div class=\"pp-post-thumbnail-wrap\">\n\t\t\t\t<a href=\"https:\/\/softcand.com\/tr\/the-business-of-hackers-for-hire-threat-actors\/\"><img loading=\"lazy\" decoding=\"async\" width=\"740\" height=\"380\" src=\"https:\/\/softcand.com\/wp-content\/uploads\/2022\/11\/b10.jpg\" class=\"attachment-large size-large wp-image-132\" alt=\"\" srcset=\"https:\/\/softcand.com\/wp-content\/uploads\/2022\/11\/b10.jpg 740w, https:\/\/softcand.com\/wp-content\/uploads\/2022\/11\/b10-300x154.jpg 300w\" sizes=\"auto, (max-width: 740px) 100vw, 740px\" \/><\/a>\t\t\t<\/div>\n\t\t<\/div>\n\t\t\n\t\t\t\t\n\t\t\t\t<div class=\"pp-post-content-wrap\">\n\t\t\t\t\t<div class=\"pp-post-content\">\n\t\t\t\t\t\t\t\t\t\t<div class=\"pp-post-terms-wrap\">\n\t\t\t<span class=\"pp-post-terms\">\n\t\t\t\t<span class=\"pp-post-term\"><a href=\"https:\/\/softcand.com\/tr\/category\/security\/\">G\u00dcVENL\u0130K<\/a><\/span>\t\t\t<\/span>\n\t\t<\/div>\n\t\t\t\t\t\t\t\t\t\t<h2 class=\"pp-post-title\">\n\t\t\t\t<a href=\"https:\/\/softcand.com\/tr\/the-business-of-hackers-for-hire-threat-actors\/\">Kiral\u0131k tehdit akt\u00f6rleri i\u00e7in bilgisayar korsanlar\u0131n\u0131n i\u015fi<\/a>\t\t\t<\/h2>\n\t\t\t\t\t\t\t\t<\/div>\n\t\t\t\t\t\t\t\t\t<\/div>\n\n\t\t\t\t\t\t\t<\/div>\n\t\t\t\t\t<\/div>\n\t\t\t\t<div class=\"pp-post-wrap pp-grid-item-wrap post-117 post type-post status-publish format-standard has-post-thumbnail hentry category-technology tag-3d tag-anker tag-print\">\n\t\t\t\t\t\t<div class=\"pp-post pp-grid-item\">\n\t\t\t\t\t\t<div class=\"pp-post-thumbnail\">\n\t\t\t<div class=\"pp-post-thumbnail-wrap\">\n\t\t\t\t<a href=\"https:\/\/softcand.com\/tr\/ankers-first-3d-printer-is-up-for-preorder\/\"><img loading=\"lazy\" decoding=\"async\" width=\"740\" height=\"380\" src=\"https:\/\/softcand.com\/wp-content\/uploads\/2022\/11\/b9.jpg\" class=\"attachment-large size-large wp-image-119\" alt=\"\" srcset=\"https:\/\/softcand.com\/wp-content\/uploads\/2022\/11\/b9.jpg 740w, https:\/\/softcand.com\/wp-content\/uploads\/2022\/11\/b9-300x154.jpg 300w\" sizes=\"auto, (max-width: 740px) 100vw, 740px\" \/><\/a>\t\t\t<\/div>\n\t\t<\/div>\n\t\t\n\t\t\t\t\n\t\t\t\t<div class=\"pp-post-content-wrap\">\n\t\t\t\t\t<div class=\"pp-post-content\">\n\t\t\t\t\t\t\t\t\t\t<div class=\"pp-post-terms-wrap\">\n\t\t\t<span class=\"pp-post-terms\">\n\t\t\t\t<span class=\"pp-post-term\"><a href=\"https:\/\/softcand.com\/tr\/category\/technology\/\">TEKNOLOJ\u0130<\/a><\/span>\t\t\t<\/span>\n\t\t<\/div>\n\t\t\t\t\t\t\t\t\t\t<h2 class=\"pp-post-title\">\n\t\t\t\t<a href=\"https:\/\/softcand.com\/tr\/ankers-first-3d-printer-is-up-for-preorder\/\">Anker'in ilk 3D yaz\u0131c\u0131s\u0131 \u00f6n sipari\u015fte<\/a>\t\t\t<\/h2>\n\t\t\t\t\t\t\t\t<\/div>\n\t\t\t\t\t\t\t\t\t<\/div>\n\n\t\t\t\t\t\t\t<\/div>\n\t\t\t\t\t<\/div>\n\t\t\t\t<div class=\"pp-post-wrap pp-grid-item-wrap post-109 post type-post status-publish format-standard has-post-thumbnail hentry category-tips-trick tag-keyboard tag-mac tag-shortcuts\">\n\t\t\t\t\t\t<div class=\"pp-post pp-grid-item\">\n\t\t\t\t\t\t<div class=\"pp-post-thumbnail\">\n\t\t\t<div class=\"pp-post-thumbnail-wrap\">\n\t\t\t\t<a href=\"https:\/\/softcand.com\/tr\/6-mac-keyboard-shortcuts-you-should-use-all-the-time\/\"><img loading=\"lazy\" decoding=\"async\" width=\"740\" height=\"380\" src=\"https:\/\/softcand.com\/wp-content\/uploads\/2022\/11\/b8.jpg\" class=\"attachment-large size-large wp-image-113\" alt=\"\" srcset=\"https:\/\/softcand.com\/wp-content\/uploads\/2022\/11\/b8.jpg 740w, https:\/\/softcand.com\/wp-content\/uploads\/2022\/11\/b8-300x154.jpg 300w\" sizes=\"auto, (max-width: 740px) 100vw, 740px\" \/><\/a>\t\t\t<\/div>\n\t\t<\/div>\n\t\t\n\t\t\t\t\n\t\t\t\t<div class=\"pp-post-content-wrap\">\n\t\t\t\t\t<div class=\"pp-post-content\">\n\t\t\t\t\t\t\t\t\t\t<div class=\"pp-post-terms-wrap\">\n\t\t\t<span class=\"pp-post-terms\">\n\t\t\t\t<span class=\"pp-post-term\"><a href=\"https:\/\/softcand.com\/tr\/category\/tips-trick\/\">\u0130P U\u00c7LARI ve P\u00dcF NOKTALARI<\/a><\/span>\t\t\t<\/span>\n\t\t<\/div>\n\t\t\t\t\t\t\t\t\t\t<h2 class=\"pp-post-title\">\n\t\t\t\t<a href=\"https:\/\/softcand.com\/tr\/6-mac-keyboard-shortcuts-you-should-use-all-the-time\/\">Her zaman kullanman\u0131z gereken 6 Mac klavye k\u0131sayolu<\/a>\t\t\t<\/h2>\n\t\t\t\t\t\t\t\t<\/div>\n\t\t\t\t\t\t\t\t\t<\/div>\n\n\t\t\t\t\t\t\t<\/div>\n\t\t\t\t\t<\/div>\n\t\t\t\t\t\t\t\t\t<\/div>\n\t\t\t\n\t\t\t\n\t\t\t\n\t\t\t\n\t\t\t\t\t\t\t\t\t\t\t<div class=\"pp-posts-pagination-wrap pp-posts-pagination-bottom\">\n\t\t\t\t\t\t\t\t<nav class=\"pp-posts-pagination pp-posts-pagination-ajax elementor-pagination\" role=\"navigation\" aria-label=\"Pagination\" data-total=\"8\">\n\t\t\t\t<span aria-current=\"page\" class=\"page-numbers current\">1<\/span>\n<a class=\"page-numbers\" href=\"https:\/\/softcand.com\/tr\/wp-json\/wp\/v2\/pages\/241\/page\/2\/\">2<\/a>\n<a class=\"page-numbers\" href=\"https:\/\/softcand.com\/tr\/wp-json\/wp\/v2\/pages\/241\/page\/3\/\">3<\/a>\n<a class=\"page-numbers\" href=\"https:\/\/softcand.com\/tr\/wp-json\/wp\/v2\/pages\/241\/page\/4\/\">4<\/a>\n<a class=\"page-numbers\" href=\"https:\/\/softcand.com\/tr\/wp-json\/wp\/v2\/pages\/241\/page\/5\/\">5<\/a>\n<a class=\"page-numbers\" href=\"https:\/\/softcand.com\/tr\/wp-json\/wp\/v2\/pages\/241\/page\/6\/\">6<\/a>\n<a class=\"page-numbers\" href=\"https:\/\/softcand.com\/tr\/wp-json\/wp\/v2\/pages\/241\/page\/7\/\">7<\/a>\n<a class=\"page-numbers\" href=\"https:\/\/softcand.com\/tr\/wp-json\/wp\/v2\/pages\/241\/page\/8\/\">8<\/a>\n<a class=\"next page-numbers\" href=\"https:\/\/softcand.com\/tr\/wp-json\/wp\/v2\/pages\/241\/page\/2\/\">Next Page<\/a>\t\t\t<\/nav>\n\t\t\t\t\t\t\t<\/div>\n\t\t\t\t\t\t\t\t\t<\/div>\n\n\t\t\n\t\t\t\t<\/div>\n\t\t\t\t<\/div>\n\t\t\t\t\t<\/div>\n\t\t<\/div>\n\t\t\t\t\t\t\t<\/div>\n\t\t<\/div>\n\t\t\t\t\t\t\t<\/div>","protected":false},"excerpt":{"rendered":"<p>file text Resources Company news and industry insights. Read our latest company news and industry insights to stay one step ahead with your day to day use of technology. [mc4wp_form id=&#8221;57&#8243;] Technology Tumblr\u2019s only viable business model is shitposting As Elon Musk struggles to make people give Twitter\u00a0$8 a month for a blue check, Tumblr [&hellip;]<\/p>","protected":false},"author":1,"featured_media":0,"parent":0,"menu_order":0,"comment_status":"closed","ping_status":"closed","template":"tmpl\/template-fullwidth.php","meta":{"inline_featured_image":false,"footnotes":""},"class_list":["post-241","page","type-page","status-publish","hentry"],"acf":[],"_links":{"self":[{"href":"https:\/\/softcand.com\/tr\/wp-json\/wp\/v2\/pages\/241","targetHints":{"allow":["GET"]}}],"collection":[{"href":"https:\/\/softcand.com\/tr\/wp-json\/wp\/v2\/pages"}],"about":[{"href":"https:\/\/softcand.com\/tr\/wp-json\/wp\/v2\/types\/page"}],"author":[{"embeddable":true,"href":"https:\/\/softcand.com\/tr\/wp-json\/wp\/v2\/users\/1"}],"replies":[{"embeddable":true,"href":"https:\/\/softcand.com\/tr\/wp-json\/wp\/v2\/comments?post=241"}],"version-history":[{"count":1,"href":"https:\/\/softcand.com\/tr\/wp-json\/wp\/v2\/pages\/241\/revisions"}],"predecessor-version":[{"id":2086,"href":"https:\/\/softcand.com\/tr\/wp-json\/wp\/v2\/pages\/241\/revisions\/2086"}],"wp:attachment":[{"href":"https:\/\/softcand.com\/tr\/wp-json\/wp\/v2\/media?parent=241"}],"curies":[{"name":"wp","href":"https:\/\/api.w.org\/{rel}","templated":true}]}}